{"id":119,"date":"2017-01-26T16:34:49","date_gmt":"2017-01-26T15:34:49","guid":{"rendered":"http:\/\/s944816640.onlinehome.fr\/Cnp\/?page_id=119"},"modified":"2024-06-02T20:09:15","modified_gmt":"2024-06-02T19:09:15","slug":"contact","status":"publish","type":"page","link":"http:\/\/www.cyrilneveupromotion.com\/en\/contact\/","title":{"rendered":"Contact"},"content":{"rendered":"<h1>CONTACTEZ-NOUS !<\/h1>\r\n\r\n<div class=\"su-spacer\" style=\"height:30px\"><\/div>\r\nPour toutes questions sur les rallyes CNP, sur votre participation et votre pr\u00e9paration aux \u00e9preuves : contacter l\u2019\u00e9quipe CNP.\r\n\r\n<div class=\"su-spacer\" style=\"height:30px\"><\/div>\r\n<div class=\"su-row\">\r\n<div class=\"su-column su-column-size-2-3\"><div class=\"su-column-inner su-u-clearfix su-u-trim\">\r\n<h4>Par e-mail<\/h4><hr\/>\r\nEcrivez \u00e0 <a href=\"mailto:info@cyrilneveupromotion.com\">info@cyrilneveupromotion.com<\/a> ou utilisez ce formulaire :\r\n<div class=\"su-spacer\" style=\"height:30px\"><\/div>\r\n<link rel='stylesheet' id='formidable-css' href='http:\/\/www.cyrilneveupromotion.com\/wp-content\/plugins\/formidable\/css\/formidableforms.css?ver=32733' type='text\/css' media='all' \/>\n<div class=\"frm_forms  with_frm_style frm_style_formidable-style\" id=\"frm_form_2_container\" >\n<form enctype=\"multipart\/form-data\" method=\"post\" class=\"frm-show-form \" id=\"form_xv7oro\" >\n<div class=\"frm_form_fields \">\n<fieldset>\n\r\n<div class=\"frm_fields_container\">\n<input type=\"hidden\" name=\"frm_action\" value=\"create\" \/>\n<input type=\"hidden\" name=\"form_id\" value=\"2\" \/>\n<input type=\"hidden\" name=\"frm_hide_fields_2\" id=\"frm_hide_fields_2\" value=\"\" \/>\n<input type=\"hidden\" name=\"form_key\" value=\"xv7oro\" \/>\n<input type=\"hidden\" name=\"item_meta[0]\" value=\"\" \/>\n<input type=\"hidden\" id=\"frm_submit_entry_2\" name=\"frm_submit_entry_2\" value=\"3b54463314\" \/><input type=\"hidden\" name=\"_wp_http_referer\" value=\"\/en\/wp-json\/wp\/v2\/pages\/119\" \/><div id=\"frm_field_8_container\" class=\"frm_form_field form-field  frm_required_field frm_top_container frm_full\">\r\n    <label for=\"field_1krpcq\" class=\"frm_primary_label\">Vos nom & pr\u00e9nom\r\n        <span class=\"frm_required\">*<\/span>\r\n    <\/label>\r\n    <input type=\"text\" id=\"field_1krpcq\" name=\"item_meta[8]\" value=\"\"  data-reqmsg=\"Vos nom &amp; pr\u00e9nom cannot be blank.\" aria-required=\"true\" data-invmsg=\"Vos nom &amp; pr\u00e9nom est non valide\" aria-invalid=\"false\"  \/>\r\n    \r\n    \r\n<\/div>\n<div id=\"frm_field_9_container\" class=\"frm_form_field form-field  frm_required_field frm_top_container frm_first_half\">\r\n    <label for=\"field_yf2ccx\" class=\"frm_primary_label\">Votre e-mail\r\n        <span class=\"frm_required\">*<\/span>\r\n    <\/label>\r\n    <input type=\"text\" id=\"field_yf2ccx\" name=\"item_meta[9]\" value=\"\"  data-reqmsg=\"Votre e-mail cannot be blank.\" aria-required=\"true\" data-invmsg=\"Votre e-mail est non valide\" aria-invalid=\"false\"  \/>\r\n    \r\n    \r\n<\/div>\n<div id=\"frm_field_10_container\" class=\"frm_form_field form-field  frm_required_field frm_top_container frm_last_half\">\r\n    <label for=\"field_f80hj1\" class=\"frm_primary_label\">Votre n\u00b0 de t\u00e9l\u00e9phone\r\n        <span class=\"frm_required\">*<\/span>\r\n    <\/label>\r\n    <input type=\"text\" id=\"field_f80hj1\" name=\"item_meta[10]\" value=\"\"  data-reqmsg=\"Votre n\u00b0 de t\u00e9l\u00e9phone cannot be blank.\" aria-required=\"true\" data-invmsg=\"Votre n\u00b0 de t\u00e9l\u00e9phone est non valide\" aria-invalid=\"false\"  \/>\r\n    \r\n    \r\n<\/div>\n<div id=\"frm_field_11_container\" class=\"frm_form_field form-field  frm_required_field frm_top_container frm_full\">\r\n    <label for=\"field_t4tety\" class=\"frm_primary_label\">Votre message\r\n        <span class=\"frm_required\">*<\/span>\r\n    <\/label>\r\n    <textarea name=\"item_meta[11]\" id=\"field_t4tety\" rows=\"5\"  data-reqmsg=\"Votre message cannot be blank.\" aria-required=\"true\" data-invmsg=\"Votre message is invalid\" aria-invalid=\"false\"  ><\/textarea>\r\n    \r\n    \r\n<\/div>\n<div id=\"frm_field_17_container\" class=\"frm_form_field form-field  frm_none_container vertical_radio\">\r\n    <label for=\"field_bs7y1\" class=\"frm_primary_label\">Cochez cette case pour \u00eatre tenu inform\u00e9(e) des op\u00e9rations men\u00e9es par Cyril Neveu Promotion \/ Check this box to be informed of the operations of Cyril Neveu Promotion\r\n        <span class=\"frm_required\"><\/span>\r\n    <\/label>\r\n    <div class=\"frm_opt_container\">\t\t<div class=\"frm_checkbox\" id=\"frm_checkbox_17-0\">\t\t\t<label  for=\"field_bs7y1-0\">\n\t\t\t<input type=\"checkbox\" name=\"item_meta[17][]\" id=\"field_bs7y1-0\" value=\"Cochez cette case pour \u00eatre tenu inform\u00e9(e) des op\u00e9rations men\u00e9es par Cyril Neveu Promotion \/ Check this box to be informed of the operations of Cyril Neveu Promotion\"  data-invmsg=\"Cochez cette case pour \u00eatre tenu inform\u00e9(e) des op\u00e9rations men\u00e9es par Cyril Neveu Promotion \/ Check this box to be informed of the operations of Cyril Neveu Promotion is invalid\"   \/> Cochez cette case pour \u00eatre tenu inform\u00e9(e) des op\u00e9rations men\u00e9es par Cyril Neveu Promotion \/ Check this box to be informed of the operations of Cyril Neveu Promotion<\/label><\/div>\n<\/div>\r\n    \r\n    \r\n<\/div>\n<div id=\"frm_field_19_container\" class=\"frm_form_field form-field  frm_none_container\">\r\n    <label for=\"g-recaptcha-response\" id=\"field_zgzdi_label\" class=\"frm_primary_label\">reCAPTCHA\r\n        <span class=\"frm_required\"><\/span>\r\n    <\/label>\r\n    <div  id=\"field_zgzdi\" class=\"g-recaptcha\" data-sitekey=\"6Ldo-CoaAAAAAKJPf6eT16tgFNuKYyWAHq71qWW_\" data-size=\"invisible\" data-theme=\"light\" data-callback=\"frmAfterRecaptcha\"><\/div>\r\n    \r\n    \r\n<\/div>\n\t<input type=\"hidden\" name=\"item_key\" value=\"\" \/>\n\t\t\t<div id=\"frm_field_20_container\">\n\t\t\t<label for=\"field_60ksx\" >\n\t\t\t\tIf you are human, leave this field blank.\t\t\t<\/label>\n\t\t\t<input  id=\"field_60ksx\" type=\"text\" class=\"frm_form_field form-field frm_verify\" name=\"item_meta[20]\" value=\"\"  \/>\n\t\t<\/div>\n\t\t<input name=\"frm_state\" type=\"hidden\" value=\"shMu5i4xqERmdsfJ+m9wlLM5aagi0tsPJcrGjKYT6nw=\" \/><div class=\"frm_submit\">\r\n\r\n<input type=\"submit\" value=\"Envoyer le message\"  \/>\r\n<img decoding=\"async\" class=\"frm_ajax_loading\" src=\"http:\/\/www.cyrilneveupromotion.com\/wp-content\/plugins\/formidable\/images\/ajax_loader.gif\" alt=\"Envoi\" style=\"visibility:hidden;\" \/>\r\n\r\n<\/div><\/div>\n<\/fieldset>\n<\/div>\n\n<\/form>\n<\/div>\n\r\n\r\n<\/div><\/div>\r\n<div class=\"su-column su-column-size-1-3\"><div class=\"su-column-inner su-u-clearfix su-u-trim\">\r\n\r\n<div class=\"su-note\"  style=\"border-color:#dddddd;border-radius:1px;-moz-border-radius:1px;-webkit-border-radius:1px;\"><div class=\"su-note-inner su-u-clearfix su-u-trim\" style=\"background-color:#f7f7f7;border-color:#ffffff;color:#333333;border-radius:1px;-moz-border-radius:1px;-webkit-border-radius:1px;\">\r\n<h4>Par T\u00e9l\u00e9phone<\/h4>\r\n<hr>\r\n<strong>Cyril NEVEU :<\/strong>\r\n<a href=\"#\" class=\"su-button su-button-style-flat su-buttonpointer su-button-wide\" style=\"color:#E10101;background-color:#fff;border-color:#cccccc;border-radius:1px\" target=\"_self\"><span style=\"color:#E10101;padding:6px 16px;font-size:13px;line-height:20px;border-color:#ffffff;border-radius:1px;text-shadow:none\"><i class=\"sui sui-phone\" style=\"font-size:13px;color:#E10101\"><\/i> +33 (0)6 80 96 57 85<\/span><\/a>\r\n\r\n<\/div><\/div>\r\n\r\n<\/div><\/div>\r\n<\/div>\r\n\r\n<div class=\"su-spacer\" style=\"height:10px\"><\/div>\r\n\r\n<h4>Par courrier postal<\/h4>\r\n<hr>\r\nMerci d&#8217;\u00e9crire \u00e0 :\r\n\r\n<p style=\"text-align:center\"><strong>CYRIL NEVEU PROMOTION<\/strong>\r\n<br\/>14 Rue Anatole France\r\n<br\/>La D\u00e9fense, 92800 Puteaux &#8211; FRANCE<\/p>\r\n<hr>\r\n<div class=\"su-spacer\" style=\"height:30px\"><\/div>\r\n<em style=\"font-size: 1em; line-height: 1em; color: #888;\">Les informations recueillies sur ce formulaire sont enregistr\u00e9es dans un fichier informatis\u00e9 par Cyril Neveu Promotion pour la gestion de la client\u00e8le Cyril Neveu Promotion, les r\u00e9ponses suite aux messages re\u00e7us de la part des internautes et l&#8217;information de ces derniers en cas d&#8217;op\u00e9rations commerciales organis\u00e9es par Cyril Neveu Promotion.\r\n<br>\r\nElles sont conserv\u00e9es pendant 2 \u00e0 3 ans et sont destin\u00e9es au service marketing &#8211; communication et au service commercial Cyril Neveu Promotion \u00e9tablis au sein de l&#8217;Union Europ\u00e9enne.\r\n<br>\r\nConform\u00e9ment \u00e0 <a href=\"https:\/\/www.cnil.fr\/fr\/loi-78-17-du-6-janvier-1978-modifiee\" rel=\"noopener noreferrer\" target=\"_blank\">la loi \u00ab informatique et libert\u00e9s \u00bb<\/a>, vous pouvez exercer votre droit d&#8217;acc\u00e8s aux donn\u00e9es vous concernant et les faire rectifier en contactant : Pour toute demande li\u00e9e \u00e0 vos donn\u00e9es personnelles, \u00e0 leur utilisation et \u00e0 leur conservation, merci de contacter Monsieur Cyril NEVEU via le formulaire de contact du site <a href=\"http:\/\/s944816640.onlinehome.fr\/Cnp\/contact\/\" rel=\"noopener noreferrer\" target=\"_blank\">Cyrilneveupromotion.com<\/a>.\r\n<br>\r\nNous vous informons de l\u2019existence de la liste d&#8217;opposition au d\u00e9marchage t\u00e9l\u00e9phonique \u00ab Bloctel \u00bb, sur laquelle vous pouvez vous inscrire ici : <a href=\"https:\/\/conso.bloctel.fr\/\" rel=\"noopener noreferrer\" target=\"_blank\">https:\/\/conso.bloctel.fr\/<\/a><\/em>","protected":false},"excerpt":{"rendered":"<p>CONTACTEZ-NOUS ! Pour toutes questions sur les rallyes CNP, sur votre participation et votre pr\u00e9paration aux \u00e9preuves : contacter l\u2019\u00e9quipe CNP. Par courrier postal Merci d&#8217;\u00e9crire \u00e0 : CYRIL NEVEU PROMOTION 14 Rue Anatole France La D\u00e9fense, 92800 Puteaux &#8211; FRANCE Les informations recueillies sur ce formulaire sont enregistr\u00e9es dans un fichier informatis\u00e9 par Cyril [&hellip;]<\/p>\n","protected":false},"author":6,"featured_media":0,"parent":0,"menu_order":0,"comment_status":"closed","ping_status":"closed","template":"","meta":{"footnotes":""},"class_list":["post-119","page","type-page","status-publish","hentry","post"],"translation":{"provider":"WPGlobus","version":"3.0.2","language":"en","enabled_languages":["fr","en"],"languages":{"fr":{"title":true,"content":true,"excerpt":false},"en":{"title":false,"content":false,"excerpt":false}}},"_links":{"self":[{"href":"http:\/\/www.cyrilneveupromotion.com\/en\/wp-json\/wp\/v2\/pages\/119","targetHints":{"allow":["GET"]}}],"collection":[{"href":"http:\/\/www.cyrilneveupromotion.com\/en\/wp-json\/wp\/v2\/pages"}],"about":[{"href":"http:\/\/www.cyrilneveupromotion.com\/en\/wp-json\/wp\/v2\/types\/page"}],"author":[{"embeddable":true,"href":"http:\/\/www.cyrilneveupromotion.com\/en\/wp-json\/wp\/v2\/users\/6"}],"replies":[{"embeddable":true,"href":"http:\/\/www.cyrilneveupromotion.com\/en\/wp-json\/wp\/v2\/comments?post=119"}],"version-history":[{"count":2,"href":"http:\/\/www.cyrilneveupromotion.com\/en\/wp-json\/wp\/v2\/pages\/119\/revisions"}],"predecessor-version":[{"id":12188,"href":"http:\/\/www.cyrilneveupromotion.com\/en\/wp-json\/wp\/v2\/pages\/119\/revisions\/12188"}],"wp:attachment":[{"href":"http:\/\/www.cyrilneveupromotion.com\/en\/wp-json\/wp\/v2\/media?parent=119"}],"curies":[{"name":"wp","href":"https:\/\/api.w.org\/{rel}","templated":true}]}}